{"id":27,"date":"2023-01-13T20:38:19","date_gmt":"2023-01-13T20:38:19","guid":{"rendered":"https:\/\/kulturverein-ganterschwil.ch\/?page_id=27"},"modified":"2026-02-05T22:08:19","modified_gmt":"2026-02-05T22:08:19","slug":"aktuelles","status":"publish","type":"page","link":"https:\/\/kulturverein-ganterschwil.ch\/?page_id=27","title":{"rendered":"AKTUELLES"},"content":{"rendered":"\n<p><strong><em>Termine f\u00fcr 202<\/em><\/strong>6<\/p>\n\n\n\n<p class=\"has-white-background-color has-background\"><em>Helferessen<\/em><br><em>Freitag, 20. Februar 2026<\/em><\/p>\n\n\n\n<p class=\"has-white-background-color has-background\"><em><em>Hauptversammlung<\/em><\/em><br><em><em>Montag, 23. M\u00e4rz 2026<\/em><\/em><\/p>\n\n\n\n<p class=\"has-white-background-color has-background\"><em><em>Kinderbaustelle<\/em><\/em><\/p>\n\n\n\n<p class=\"has-white-background-color has-background\"><em><em><em>Gr\u00fcmpeli<\/em><\/em><\/em><br><em><em><em>Samstag, 31. Oktober 2026<\/em><\/em><\/em><\/p>\n\n\n\n<p class=\"has-white-background-color has-background\"><em>Weihnachtsmarkt Ganterschwil<br>Mittwoch, 25. November 2026<\/em><\/p>\n\n\n\n<p class=\"has-white-background-color has-background\"><em>Samichlaus-Anlass<\/em><br><em>Sonntag, 06. Dezember 2026<\/em><\/p>\n\n\n\n<p><\/p>\n\n\n\n<p><\/p>\n","protected":false},"excerpt":{"rendered":"<p>Termine f\u00fcr 2026 HelferessenFreitag, 20. Februar 2026 HauptversammlungMontag, 23. M\u00e4rz 2026 Kinderbaustelle Gr\u00fcmpeliSamstag, 31. Oktober 2026 Weihnachtsmarkt GanterschwilMittwoch, 25. November 2026 Samichlaus-AnlassSonntag, 06. Dezember 2026<\/p>\n","protected":false},"author":1,"featured_media":0,"parent":0,"menu_order":0,"comment_status":"closed","ping_status":"closed","template":"","meta":{"footnotes":""},"class_list":["post-27","page","type-page","status-publish","hentry","entry"],"_links":{"self":[{"href":"https:\/\/kulturverein-ganterschwil.ch\/index.php?rest_route=\/wp\/v2\/pages\/27","targetHints":{"allow":["GET"]}}],"collection":[{"href":"https:\/\/kulturverein-ganterschwil.ch\/index.php?rest_route=\/wp\/v2\/pages"}],"about":[{"href":"https:\/\/kulturverein-ganterschwil.ch\/index.php?rest_route=\/wp\/v2\/types\/page"}],"author":[{"embeddable":true,"href":"https:\/\/kulturverein-ganterschwil.ch\/index.php?rest_route=\/wp\/v2\/users\/1"}],"replies":[{"embeddable":true,"href":"https:\/\/kulturverein-ganterschwil.ch\/index.php?rest_route=%2Fwp%2Fv2%2Fcomments&post=27"}],"version-history":[{"count":17,"href":"https:\/\/kulturverein-ganterschwil.ch\/index.php?rest_route=\/wp\/v2\/pages\/27\/revisions"}],"predecessor-version":[{"id":152,"href":"https:\/\/kulturverein-ganterschwil.ch\/index.php?rest_route=\/wp\/v2\/pages\/27\/revisions\/152"}],"wp:attachment":[{"href":"https:\/\/kulturverein-ganterschwil.ch\/index.php?rest_route=%2Fwp%2Fv2%2Fmedia&parent=27"}],"curies":[{"name":"wp","href":"https:\/\/api.w.org\/{rel}","templated":true}]}}