{"id":46,"date":"2023-01-14T16:26:07","date_gmt":"2023-01-14T16:26:07","guid":{"rendered":"https:\/\/kulturverein-ganterschwil.ch\/?page_id=46"},"modified":"2025-10-02T19:11:35","modified_gmt":"2025-10-02T19:11:35","slug":"bibliothek","status":"publish","type":"page","link":"https:\/\/kulturverein-ganterschwil.ch\/?page_id=46","title":{"rendered":"BIBLIOTHEK"},"content":{"rendered":"\n<figure class=\"wp-block-gallery has-nested-images columns-default is-cropped wp-block-gallery-1 is-layout-flex wp-block-gallery-is-layout-flex\">\n<figure class=\"wp-block-image size-large\"><img decoding=\"async\" data-id=\"134\" src=\"https:\/\/kulturverein-ganterschwil.ch\/wp-content\/uploads\/2025\/10\/IMG_2757.jpeg\" alt=\"\" class=\"wp-image-134\"\/><\/figure>\n\n\n\n<figure class=\"wp-block-image size-large\"><img decoding=\"async\" data-id=\"133\" src=\"https:\/\/kulturverein-ganterschwil.ch\/wp-content\/uploads\/2025\/10\/IMG_2746.jpeg\" alt=\"\" class=\"wp-image-133\"\/><\/figure>\n\n\n\n<figure class=\"wp-block-image size-large\"><img decoding=\"async\" data-id=\"131\" src=\"https:\/\/kulturverein-ganterschwil.ch\/wp-content\/uploads\/2025\/10\/IMG_2840.jpeg\" alt=\"\" class=\"wp-image-131\"\/><\/figure>\n<\/figure>\n\n\n\n<p><strong>Bibliothek Ganterschwil<\/strong><br><strong>Neckertalstrasse 4<\/strong><br><strong>9608 Ganterschwil<\/strong><br><a href=\"mailto:biblioganterschwil@buetschwil-ganterschwil.ch\">biblioganterschwil@ps-buga.ch<\/a><br>079 562 61 99 (nur w\u00e4hrend den \u00d6ffnungszeiten)<\/p>\n\n\n\n<p><strong>\u00d6ffnungszeiten:<\/strong><br>Dienstag von 15.30 bis 17.30 Uhr<br>Donnerstag von 18.30 bis 19.30 Uhr<br>Samstag von 10.00 bis 12.00 Uhr<br><br>Winterzeit (November bis M\u00e4rz) Donnerstagabend geschlossen<br>W\u00e4hrend den Schulferien nur samstags ge\u00f6ffnet.<br><br><a href=\"http:\/\/www.bvsga.ch\/ganterschwil\/\">Online Zugriff<\/a><br><br><strong>Geb\u00fchren:<\/strong><br>Familien bezahlen einen Jahresbeitrag von Fr. 30.00<br>(mit dibiost-Benutzung Fr. 50.00)<br>Einzelpersonen ab 20 Jahren Fr. 20.00<br>(mit dibiost-Benutzung Fr. 30.00)<br>F\u00fcr diese Beitr\u00e4ge k\u00f6nnen w\u00e4hrend des ganzen<br>Jahres B\u00fccher bezogen werden.<\/p>\n\n\n\n<p><strong>Team:<\/strong><br>Hug Marion<br>Mitschjeta Claudia<br>M\u00fcller Larissa<br>Muheim Gabi <br>Scherrer Bettina<br>Werder Marlis (Ansprechperson)<br>Z\u00e4hnler Erika (Kasse)<br><\/p>\n\n\n\n<figure class=\"wp-block-image\"><img decoding=\"async\" src=\"https:\/\/kulturverein-ganterschwil.ch\/wp-content\/uploads\/2025\/10\/030A2355.jpeg\" alt=\"\" class=\"wp-image-132\"\/><\/figure>\n","protected":false},"excerpt":{"rendered":"<p>Bibliothek GanterschwilNeckertalstrasse 49608 Ganterschwilbiblioganterschwil@ps-buga.ch079 562 61 99 (nur w\u00e4hrend den \u00d6ffnungszeiten) \u00d6ffnungszeiten:Dienstag von 15.30 bis 17.30 UhrDonnerstag von 18.30 bis 19.30 UhrSamstag von 10.00 bis 12.00 Uhr Winterzeit (November bis M\u00e4rz) Donnerstagabend geschlossenW\u00e4hrend den Schulferien nur samstags ge\u00f6ffnet. Online Zugriff Geb\u00fchren:Familien bezahlen einen Jahresbeitrag von Fr. 30.00(mit dibiost-Benutzung Fr. 50.00)Einzelpersonen ab 20 Jahren Fr. 20.00(mit&hellip; <a class=\"more-link\" href=\"https:\/\/kulturverein-ganterschwil.ch\/?page_id=46\"><span class=\"screen-reader-text\">BIBLIOTHEK<\/span> weiterlesen<\/a><\/p>\n","protected":false},"author":1,"featured_media":0,"parent":0,"menu_order":0,"comment_status":"closed","ping_status":"closed","template":"","meta":{"footnotes":""},"class_list":["post-46","page","type-page","status-publish","hentry","entry"],"_links":{"self":[{"href":"https:\/\/kulturverein-ganterschwil.ch\/index.php?rest_route=\/wp\/v2\/pages\/46","targetHints":{"allow":["GET"]}}],"collection":[{"href":"https:\/\/kulturverein-ganterschwil.ch\/index.php?rest_route=\/wp\/v2\/pages"}],"about":[{"href":"https:\/\/kulturverein-ganterschwil.ch\/index.php?rest_route=\/wp\/v2\/types\/page"}],"author":[{"embeddable":true,"href":"https:\/\/kulturverein-ganterschwil.ch\/index.php?rest_route=\/wp\/v2\/users\/1"}],"replies":[{"embeddable":true,"href":"https:\/\/kulturverein-ganterschwil.ch\/index.php?rest_route=%2Fwp%2Fv2%2Fcomments&post=46"}],"version-history":[{"count":7,"href":"https:\/\/kulturverein-ganterschwil.ch\/index.php?rest_route=\/wp\/v2\/pages\/46\/revisions"}],"predecessor-version":[{"id":139,"href":"https:\/\/kulturverein-ganterschwil.ch\/index.php?rest_route=\/wp\/v2\/pages\/46\/revisions\/139"}],"wp:attachment":[{"href":"https:\/\/kulturverein-ganterschwil.ch\/index.php?rest_route=%2Fwp%2Fv2%2Fmedia&parent=46"}],"curies":[{"name":"wp","href":"https:\/\/api.w.org\/{rel}","templated":true}]}}