{"id":62,"date":"2023-01-22T11:42:04","date_gmt":"2023-01-22T11:42:04","guid":{"rendered":"https:\/\/kulturverein-ganterschwil.ch\/?page_id=62"},"modified":"2025-10-02T18:41:22","modified_gmt":"2025-10-02T18:41:22","slug":"kinderbaustelle","status":"publish","type":"page","link":"https:\/\/kulturverein-ganterschwil.ch\/?page_id=62","title":{"rendered":"KINDERBAUSTELLE"},"content":{"rendered":"\n<p><strong>So ist die Idee der Ganterschwiler Kinderbaustelle entstanden:<\/strong><\/p>\n\n\n\n<p>Andreas Klingler aus Ganterschwil ist im Sommer 2019 per Zufall an der Kinderbaustelle Wil vorbeigefahren. Nach kurzer Recherche wusste er, um was f\u00fcr ein grossartiges Angebot es sich handelt. Aus Verbundenheit zum Dorf Ganterschwil und der Gemeinde B\u00fctschwil-Ganterschwil hat er dieses Projekt uns Leben gerufen und konnte den Kulturverein Ganterschwil als Tr\u00e4gerverein \u00fcberzeugen.<\/p>\n\n\n\n<p><strong>Das Ziel der Kinderbaustelle:<\/strong><\/p>\n\n\n\n<p>Die Kinderbaustelle soll ein Treffpunkt f\u00fcr Kinder und Jugendliche werden, welcher ihnen die M\u00f6glichkeit gibt, ihre F\u00e4higkeiten und Kompetenzen selbst\u00e4ndig im Spiel und ohne Leistungsdruck zu entwickeln. Das Angebot soll f\u00fcr alle Kinder und Jugendliche zur Verf\u00fcgung stehen und bei speziellen Bed\u00fcrfnissen angepasst werden k\u00f6nnen. Vom Angebot sollen alle Kinder und Jugendliche bis zum 12. Lebensjahr profitieren. Mit dem Angebot entsteht ein Treffpunkt f\u00fcr Familien und Beteiligte.<\/p>\n\n\n\n<p>Die Kinderbaustelle soll sich selbst finanzieren. Durch finanzielle Spenden und Beitr\u00e4ge aus der \u00f6ffentlichen oder privaten Hand werden die Initialkosten gedeckt und Investitionen get\u00e4tigt. Die Ausstattung richtet sich nebst den Bed\u00fcrfnissen auch an die finanziellen M\u00f6glichkeiten aus. Grosse \u00dcbersch\u00fcsse d\u00fcrfen nicht entstehen und m\u00fcssen abgebaut werden, zum Beispiel durch einen Event. Nebst Sponsoring sind auch materielle Zuwendungen von grosser Bedeutung. Firmen k\u00f6nnen \u00fcbersch\u00fcssige Baumaterialien der Kinderbaustelle zur Verf\u00fcgung stellen, sozusagen eine sinnvolle Verwendung vor dem Recycling.<\/p>\n\n\n\n<p><strong>Wie sehen unsere Ziele aus:<\/strong><\/p>\n\n\n\n<p>Auf dem Grundst\u00fcck 552G in Ganterschwil (beim Primarschulhaus) stellen wir den Kindern und Jugendlichen den n\u00f6tigen Platz und die n\u00f6tige Infrastruktur f\u00fchr ihre Bauten zur Verf\u00fcgung. Das Areal wird umz\u00e4unt und es steht eine sanit\u00e4re Einrichtung bereit.<\/p>\n\n\n\n<figure class=\"wp-block-gallery has-nested-images columns-default is-cropped wp-block-gallery-1 is-layout-flex wp-block-gallery-is-layout-flex\"><\/figure>\n\n\n\n<p><strong>Und so k\u00f6nnen Sie uns unterst\u00fctzen:<\/strong><\/p>\n\n\n\n<ul class=\"wp-block-list\">\n<li>Mit einem kleinen oder grossen Sponsoring k\u00f6nnen wir ben\u00f6tigte Materialien den Kindern und Jugendlichen bereitstellen. <a href=\"https:\/\/kulturverein-ganterschwil.ch\/wp-content\/uploads\/2023\/04\/qr-Rechnung.pdf\">Hier finden Sie unsere Bankdetails.<\/a><\/li>\n\n\n\n<li><strong>Vielen Dank f\u00fcr Ihre Unterst\u00fctzung.<\/strong><\/li>\n<\/ul>\n\n\n\n<p><\/p>\n","protected":false},"excerpt":{"rendered":"<p>So ist die Idee der Ganterschwiler Kinderbaustelle entstanden: Andreas Klingler aus Ganterschwil ist im Sommer 2019 per Zufall an der Kinderbaustelle Wil vorbeigefahren. Nach kurzer Recherche wusste er, um was f\u00fcr ein grossartiges Angebot es sich handelt. Aus Verbundenheit zum Dorf Ganterschwil und der Gemeinde B\u00fctschwil-Ganterschwil hat er dieses Projekt uns Leben gerufen und konnte&hellip; <a class=\"more-link\" href=\"https:\/\/kulturverein-ganterschwil.ch\/?page_id=62\"><span class=\"screen-reader-text\">KINDERBAUSTELLE<\/span> weiterlesen<\/a><\/p>\n","protected":false},"author":1,"featured_media":0,"parent":0,"menu_order":0,"comment_status":"closed","ping_status":"closed","template":"","meta":{"footnotes":""},"class_list":["post-62","page","type-page","status-publish","hentry","entry"],"_links":{"self":[{"href":"https:\/\/kulturverein-ganterschwil.ch\/index.php?rest_route=\/wp\/v2\/pages\/62","targetHints":{"allow":["GET"]}}],"collection":[{"href":"https:\/\/kulturverein-ganterschwil.ch\/index.php?rest_route=\/wp\/v2\/pages"}],"about":[{"href":"https:\/\/kulturverein-ganterschwil.ch\/index.php?rest_route=\/wp\/v2\/types\/page"}],"author":[{"embeddable":true,"href":"https:\/\/kulturverein-ganterschwil.ch\/index.php?rest_route=\/wp\/v2\/users\/1"}],"replies":[{"embeddable":true,"href":"https:\/\/kulturverein-ganterschwil.ch\/index.php?rest_route=%2Fwp%2Fv2%2Fcomments&post=62"}],"version-history":[{"count":7,"href":"https:\/\/kulturverein-ganterschwil.ch\/index.php?rest_route=\/wp\/v2\/pages\/62\/revisions"}],"predecessor-version":[{"id":129,"href":"https:\/\/kulturverein-ganterschwil.ch\/index.php?rest_route=\/wp\/v2\/pages\/62\/revisions\/129"}],"wp:attachment":[{"href":"https:\/\/kulturverein-ganterschwil.ch\/index.php?rest_route=%2Fwp%2Fv2%2Fmedia&parent=62"}],"curies":[{"name":"wp","href":"https:\/\/api.w.org\/{rel}","templated":true}]}}