{"id":9,"date":"2023-01-12T20:02:06","date_gmt":"2023-01-12T20:02:06","guid":{"rendered":"https:\/\/kulturverein-ganterschwil.ch\/?page_id=9"},"modified":"2026-02-05T21:53:43","modified_gmt":"2026-02-05T21:53:43","slug":"ueber-uns","status":"publish","type":"page","link":"https:\/\/kulturverein-ganterschwil.ch\/","title":{"rendered":"Startseite"},"content":{"rendered":"\n<p>Der Kulturverein ist unabh\u00e4ngig. Die Gr\u00fcndung des Vereins erfolgte 1980 im Anschluss an die 1200-Jahrfeier von Ganterschwil. Der Erl\u00f6s des Dorffestes bildete den Grundstock unserer Vereinsfinanzen.<br><br>Die Bibliothek Ganterschwil agiert seit der Gr\u00fcndung selbstst\u00e4ndig und unabh\u00e4ngig. Zurzeit stehen in der Ganterschwiler Bibliothek rund 4\u2018000 B\u00fccher. Die rund 120 Sch\u00fcler von der Primarschule Ganterschwil besuchen die Bibliothek regelm\u00e4ssig.<br>Ca. 420 Mitglieder leihen im Jahr gegen 5000 Medien aus.<br><br>Unsere Anl\u00e4sse geh\u00f6ren seit \u00fcber 30 Jahren zur Ganterschwiler Dorfkultur und Tradition. Wir m\u00f6chten durch aussergew\u00f6hnliche Erlebnisse ein attraktives Dorfleben bieten. Dazu geh\u00f6rt, Kultur und Sport zu f\u00f6rdern &#8211; K\u00f6rper und Geist zu st\u00e4rken.<br>Unsere Anl\u00e4sse stehen allen offen. Jeder ist eingeladen, sich am Dorfleben und -Kultur zu beteiligen.<br><br>Wir freuen uns immer \u00fcber Interessenten, neue Mitglieder, freiwillige Helfer, G\u00f6nner<br>und Sponsoren.<br><br><\/p>\n\n\n\n<figure class=\"wp-block-gallery has-nested-images columns-default is-cropped wp-block-gallery-1 is-layout-flex wp-block-gallery-is-layout-flex\"><\/figure>\n","protected":false},"excerpt":{"rendered":"<p>Der Kulturverein ist unabh\u00e4ngig. Die Gr\u00fcndung des Vereins erfolgte 1980 im Anschluss an die 1200-Jahrfeier von Ganterschwil. Der Erl\u00f6s des Dorffestes bildete den Grundstock unserer Vereinsfinanzen. Die Bibliothek Ganterschwil agiert seit der Gr\u00fcndung selbstst\u00e4ndig und unabh\u00e4ngig. Zurzeit stehen in der Ganterschwiler Bibliothek rund 4\u2018000 B\u00fccher. Die rund 120 Sch\u00fcler von der Primarschule Ganterschwil besuchen die&hellip; <a class=\"more-link\" href=\"https:\/\/kulturverein-ganterschwil.ch\/\"><span class=\"screen-reader-text\">Startseite<\/span> weiterlesen<\/a><\/p>\n","protected":false},"author":1,"featured_media":0,"parent":0,"menu_order":0,"comment_status":"closed","ping_status":"closed","template":"","meta":{"footnotes":""},"class_list":["post-9","page","type-page","status-publish","hentry","entry"],"_links":{"self":[{"href":"https:\/\/kulturverein-ganterschwil.ch\/index.php?rest_route=\/wp\/v2\/pages\/9","targetHints":{"allow":["GET"]}}],"collection":[{"href":"https:\/\/kulturverein-ganterschwil.ch\/index.php?rest_route=\/wp\/v2\/pages"}],"about":[{"href":"https:\/\/kulturverein-ganterschwil.ch\/index.php?rest_route=\/wp\/v2\/types\/page"}],"author":[{"embeddable":true,"href":"https:\/\/kulturverein-ganterschwil.ch\/index.php?rest_route=\/wp\/v2\/users\/1"}],"replies":[{"embeddable":true,"href":"https:\/\/kulturverein-ganterschwil.ch\/index.php?rest_route=%2Fwp%2Fv2%2Fcomments&post=9"}],"version-history":[{"count":7,"href":"https:\/\/kulturverein-ganterschwil.ch\/index.php?rest_route=\/wp\/v2\/pages\/9\/revisions"}],"predecessor-version":[{"id":151,"href":"https:\/\/kulturverein-ganterschwil.ch\/index.php?rest_route=\/wp\/v2\/pages\/9\/revisions\/151"}],"wp:attachment":[{"href":"https:\/\/kulturverein-ganterschwil.ch\/index.php?rest_route=%2Fwp%2Fv2%2Fmedia&parent=9"}],"curies":[{"name":"wp","href":"https:\/\/api.w.org\/{rel}","templated":true}]}}